{"id":2,"date":"2022-07-01T15:26:14","date_gmt":"2022-07-01T15:26:14","guid":{"rendered":"http:\/\/riesgoclimatico.inia.cl\/cristobal.campos\/?page_id=2"},"modified":"2022-07-10T21:58:34","modified_gmt":"2022-07-11T01:58:34","slug":"arduino-el-documental","status":"publish","type":"page","link":"http:\/\/riesgoclimatico.inia.cl\/cristobal.campos\/arduino-el-documental\/","title":{"rendered":"Arduino el Documental"},"content":{"rendered":"\n<p>El objetivo de crear Arduino (la placa, no el documental) fue masificar el uso de placas programables a otro tipo de usuarios, adem\u00e1s de los ingenieros.<\/p>\n\n\n\n<figure class=\"wp-block-embed is-type-video is-provider-youtube wp-block-embed-youtube wp-embed-aspect-16-9 wp-has-aspect-ratio\"><div class=\"wp-block-embed__wrapper\">\n<iframe loading=\"lazy\" title=\"Arduino el Documental\" width=\"750\" height=\"422\" src=\"https:\/\/www.youtube.com\/embed\/mltWc9_C9gs?feature=oembed\" frameborder=\"0\" allow=\"accelerometer; autoplay; clipboard-write; encrypted-media; gyroscope; picture-in-picture\" allowfullscreen><\/iframe>\n<\/div><figcaption>Arduino, el documental (con subt\u00edtulos en espa\u00f1ol).<\/figcaption><\/figure>\n\n\n\n<p>El nombre de la placa Arduino viene del Bar del Rey Arduino en Italia donde los creadores se reun\u00edan. M\u00e1s informaci\u00f3n el Reddit <a href=\"https:\/\/www.reddit.com\/r\/arduino\/comments\/2ij0d5\/til_arduino_was_named_after_a_bar_in_ivrea_italy\/\" target=\"_blank\" rel=\"noreferrer noopener\">r\/arduino<\/a>.<\/p>\n\n\n\n<figure class=\"wp-block-image size-large\"><img src=\"https:\/\/i.imgur.com\/2572mSP.jpeg\" alt=\"Bar Arduino en Italia\"\/><figcaption>Bar di Re Arduino, Italia.<\/figcaption><\/figure>\n","protected":false},"excerpt":{"rendered":"<p>El objetivo de crear Arduino (la placa, no el documental) fue masificar el uso de placas programables a otro tipo de usuarios, adem\u00e1s de los ingenieros. El nombre de la placa Arduino viene del Bar del Rey Arduino en Italia donde los creadores se reun\u00edan. M\u00e1s informaci\u00f3n el Reddit r\/arduino.<\/p>\n","protected":false},"author":1,"featured_media":0,"parent":0,"menu_order":0,"comment_status":"closed","ping_status":"open","template":"","meta":[],"yoast_head":"<!-- This site is optimized with the Yoast SEO plugin v19.2 - https:\/\/yoast.com\/wordpress\/plugins\/seo\/ -->\n<title>Arduino el Documental - Bit\u00e1cora<\/title>\n<meta name=\"description\" content=\"El documental sobre la placa Arduino con subt\u00edtulos en espa\u00f1ol.\" \/>\n<meta name=\"robots\" content=\"index, follow, max-snippet:-1, max-image-preview:large, max-video-preview:-1\" \/>\n<link rel=\"canonical\" href=\"http:\/\/riesgoclimatico.inia.cl\/cristobal.campos\/arduino-el-documental\/\" \/>\n<meta property=\"og:locale\" content=\"en_US\" \/>\n<meta property=\"og:type\" content=\"article\" \/>\n<meta property=\"og:title\" content=\"Arduino el Documental - Bit\u00e1cora\" \/>\n<meta property=\"og:description\" content=\"El documental sobre la placa Arduino con subt\u00edtulos en espa\u00f1ol.\" \/>\n<meta property=\"og:url\" content=\"http:\/\/riesgoclimatico.inia.cl\/cristobal.campos\/arduino-el-documental\/\" \/>\n<meta property=\"og:site_name\" content=\"Bit\u00e1cora\" \/>\n<meta property=\"article:modified_time\" content=\"2022-07-11T01:58:34+00:00\" \/>\n<meta property=\"og:image\" content=\"https:\/\/i.imgur.com\/2572mSP.jpeg\" \/>\n<meta name=\"author\" content=\"cristobal.campos\" \/>\n<meta name=\"twitter:card\" content=\"summary_large_image\" \/>\n<meta name=\"twitter:label1\" content=\"Est. reading time\" \/>\n\t<meta name=\"twitter:data1\" content=\"1 minuto\" \/>\n<script type=\"application\/ld+json\" class=\"yoast-schema-graph\">{\"@context\":\"https:\/\/schema.org\",\"@graph\":[{\"@type\":\"WebSite\",\"@id\":\"http:\/\/riesgoclimatico.inia.cl\/cristobal.campos\/#website\",\"url\":\"http:\/\/riesgoclimatico.inia.cl\/cristobal.campos\/\",\"name\":\"Bit\u00e1cora\",\"description\":\"Clases de Arduino UAI\",\"potentialAction\":[{\"@type\":\"SearchAction\",\"target\":{\"@type\":\"EntryPoint\",\"urlTemplate\":\"http:\/\/riesgoclimatico.inia.cl\/cristobal.campos\/?s={search_term_string}\"},\"query-input\":\"required name=search_term_string\"}],\"inLanguage\":\"wp-dev-es-mx\"},{\"@type\":\"ImageObject\",\"inLanguage\":\"wp-dev-es-mx\",\"@id\":\"http:\/\/riesgoclimatico.inia.cl\/cristobal.campos\/arduino-el-documental\/#primaryimage\",\"url\":\"https:\/\/i.imgur.com\/2572mSP.jpeg\",\"contentUrl\":\"https:\/\/i.imgur.com\/2572mSP.jpeg\"},{\"@type\":\"WebPage\",\"@id\":\"http:\/\/riesgoclimatico.inia.cl\/cristobal.campos\/arduino-el-documental\/#webpage\",\"url\":\"http:\/\/riesgoclimatico.inia.cl\/cristobal.campos\/arduino-el-documental\/\",\"name\":\"Arduino el Documental - Bit\u00e1cora\",\"isPartOf\":{\"@id\":\"http:\/\/riesgoclimatico.inia.cl\/cristobal.campos\/#website\"},\"primaryImageOfPage\":{\"@id\":\"http:\/\/riesgoclimatico.inia.cl\/cristobal.campos\/arduino-el-documental\/#primaryimage\"},\"datePublished\":\"2022-07-01T15:26:14+00:00\",\"dateModified\":\"2022-07-11T01:58:34+00:00\",\"description\":\"El documental sobre la placa Arduino con subt\u00edtulos en espa\u00f1ol.\",\"breadcrumb\":{\"@id\":\"http:\/\/riesgoclimatico.inia.cl\/cristobal.campos\/arduino-el-documental\/#breadcrumb\"},\"inLanguage\":\"wp-dev-es-mx\",\"potentialAction\":[{\"@type\":\"ReadAction\",\"target\":[\"http:\/\/riesgoclimatico.inia.cl\/cristobal.campos\/arduino-el-documental\/\"]}]},{\"@type\":\"BreadcrumbList\",\"@id\":\"http:\/\/riesgoclimatico.inia.cl\/cristobal.campos\/arduino-el-documental\/#breadcrumb\",\"itemListElement\":[{\"@type\":\"ListItem\",\"position\":1,\"name\":\"Inicio\",\"item\":\"http:\/\/riesgoclimatico.inia.cl\/cristobal.campos\/\"},{\"@type\":\"ListItem\",\"position\":2,\"name\":\"Arduino el Documental\"}]}]}<\/script>\n<!-- \/ Yoast SEO plugin. -->","yoast_head_json":{"title":"Arduino el Documental - Bit\u00e1cora","description":"El documental sobre la placa Arduino con subt\u00edtulos en espa\u00f1ol.","robots":{"index":"index","follow":"follow","max-snippet":"max-snippet:-1","max-image-preview":"max-image-preview:large","max-video-preview":"max-video-preview:-1"},"canonical":"http:\/\/riesgoclimatico.inia.cl\/cristobal.campos\/arduino-el-documental\/","og_locale":"en_US","og_type":"article","og_title":"Arduino el Documental - Bit\u00e1cora","og_description":"El documental sobre la placa Arduino con subt\u00edtulos en espa\u00f1ol.","og_url":"http:\/\/riesgoclimatico.inia.cl\/cristobal.campos\/arduino-el-documental\/","og_site_name":"Bit\u00e1cora","article_modified_time":"2022-07-11T01:58:34+00:00","og_image":[{"url":"https:\/\/i.imgur.com\/2572mSP.jpeg"}],"author":"cristobal.campos","twitter_card":"summary_large_image","twitter_misc":{"Est. reading time":"1 minuto"},"schema":{"@context":"https:\/\/schema.org","@graph":[{"@type":"WebSite","@id":"http:\/\/riesgoclimatico.inia.cl\/cristobal.campos\/#website","url":"http:\/\/riesgoclimatico.inia.cl\/cristobal.campos\/","name":"Bit\u00e1cora","description":"Clases de Arduino UAI","potentialAction":[{"@type":"SearchAction","target":{"@type":"EntryPoint","urlTemplate":"http:\/\/riesgoclimatico.inia.cl\/cristobal.campos\/?s={search_term_string}"},"query-input":"required name=search_term_string"}],"inLanguage":"wp-dev-es-mx"},{"@type":"ImageObject","inLanguage":"wp-dev-es-mx","@id":"http:\/\/riesgoclimatico.inia.cl\/cristobal.campos\/arduino-el-documental\/#primaryimage","url":"https:\/\/i.imgur.com\/2572mSP.jpeg","contentUrl":"https:\/\/i.imgur.com\/2572mSP.jpeg"},{"@type":"WebPage","@id":"http:\/\/riesgoclimatico.inia.cl\/cristobal.campos\/arduino-el-documental\/#webpage","url":"http:\/\/riesgoclimatico.inia.cl\/cristobal.campos\/arduino-el-documental\/","name":"Arduino el Documental - Bit\u00e1cora","isPartOf":{"@id":"http:\/\/riesgoclimatico.inia.cl\/cristobal.campos\/#website"},"primaryImageOfPage":{"@id":"http:\/\/riesgoclimatico.inia.cl\/cristobal.campos\/arduino-el-documental\/#primaryimage"},"datePublished":"2022-07-01T15:26:14+00:00","dateModified":"2022-07-11T01:58:34+00:00","description":"El documental sobre la placa Arduino con subt\u00edtulos en espa\u00f1ol.","breadcrumb":{"@id":"http:\/\/riesgoclimatico.inia.cl\/cristobal.campos\/arduino-el-documental\/#breadcrumb"},"inLanguage":"wp-dev-es-mx","potentialAction":[{"@type":"ReadAction","target":["http:\/\/riesgoclimatico.inia.cl\/cristobal.campos\/arduino-el-documental\/"]}]},{"@type":"BreadcrumbList","@id":"http:\/\/riesgoclimatico.inia.cl\/cristobal.campos\/arduino-el-documental\/#breadcrumb","itemListElement":[{"@type":"ListItem","position":1,"name":"Inicio","item":"http:\/\/riesgoclimatico.inia.cl\/cristobal.campos\/"},{"@type":"ListItem","position":2,"name":"Arduino el Documental"}]}]}},"_links":{"self":[{"href":"http:\/\/riesgoclimatico.inia.cl\/cristobal.campos\/wp-json\/wp\/v2\/pages\/2"}],"collection":[{"href":"http:\/\/riesgoclimatico.inia.cl\/cristobal.campos\/wp-json\/wp\/v2\/pages"}],"about":[{"href":"http:\/\/riesgoclimatico.inia.cl\/cristobal.campos\/wp-json\/wp\/v2\/types\/page"}],"author":[{"embeddable":true,"href":"http:\/\/riesgoclimatico.inia.cl\/cristobal.campos\/wp-json\/wp\/v2\/users\/1"}],"replies":[{"embeddable":true,"href":"http:\/\/riesgoclimatico.inia.cl\/cristobal.campos\/wp-json\/wp\/v2\/comments?post=2"}],"version-history":[{"count":4,"href":"http:\/\/riesgoclimatico.inia.cl\/cristobal.campos\/wp-json\/wp\/v2\/pages\/2\/revisions"}],"predecessor-version":[{"id":189,"href":"http:\/\/riesgoclimatico.inia.cl\/cristobal.campos\/wp-json\/wp\/v2\/pages\/2\/revisions\/189"}],"wp:attachment":[{"href":"http:\/\/riesgoclimatico.inia.cl\/cristobal.campos\/wp-json\/wp\/v2\/media?parent=2"}],"curies":[{"name":"wp","href":"https:\/\/api.w.org\/{rel}","templated":true}]}}