{"id":108,"date":"2022-07-07T11:22:57","date_gmt":"2022-07-07T15:22:57","guid":{"rendered":"http:\/\/riesgoclimatico.inia.cl\/cristobal.campos\/?page_id=108"},"modified":"2022-07-12T17:54:38","modified_gmt":"2022-07-12T21:54:38","slug":"enunciados","status":"publish","type":"page","link":"http:\/\/riesgoclimatico.inia.cl\/cristobal.campos\/enunciados\/","title":{"rendered":"Enunciados"},"content":{"rendered":"\n<h2 id=\"block-7818f7c8-b64e-4f83-91df-dff38d158d6c\">Clase 1<\/h2>\n\n\n\n<p id=\"block-a505affb-40a4-4220-9565-587f26d41ed0\">Instalar el <a href=\"http:\/\/riesgoclimatico.inia.cl\/cristobal.campos\/2022\/07\/02\/instalar-el-arduino\/\">software de desarrollo<\/a> y cargar los ejemplos <a href=\"http:\/\/riesgoclimatico.inia.cl\/cristobal.campos\/2022\/07\/03\/ejemplo-blink-parpadeo\/\">Blink<\/a> y <a href=\"http:\/\/riesgoclimatico.inia.cl\/cristobal.campos\/2022\/07\/05\/ejemplo-fade-desvanecer\/\">Fade<\/a>.<\/p>\n\n\n\n<h2 id=\"block-6713b486-1a04-4d23-ac81-4db9fc0d313e\">Clase 2<\/h2>\n\n\n\n<p id=\"block-5ae6d796-3aa9-48d8-9bbc-3e2f8c182f18\">Se pide descargar la gu\u00eda <a href=\"https:\/\/usermanual.wiki\/Pdf\/SpanishSIKGuide2031v.1434464261\/view\" target=\"_blank\" rel=\"noreferrer noopener\">SIK v. 3.0 en espa\u00f1ol<\/a> y realizar los ejercicios:<\/p>\n\n\n\n<p id=\"block-29b2e221-5d99-4542-a4f9-5566dc96122f\">Ejercicio 1: <a href=\"http:\/\/riesgoclimatico.inia.cl\/cristobal.campos\/2022\/07\/03\/ejemplo-blink-parpadeo\/\" target=\"_blank\" rel=\"noreferrer noopener\">LED parpadeante<\/a>.<br>Ejercicio 4: <a href=\"http:\/\/riesgoclimatico.inia.cl\/cristobal.campos\/2022\/07\/07\/leds-multiples\/\" target=\"_blank\" rel=\"noreferrer noopener\">LEDs m\u00faltiples<\/a>.<br>Ejercicio 5: <a href=\"http:\/\/riesgoclimatico.inia.cl\/cristobal.campos\/2022\/07\/07\/botones-presionables\/\" target=\"_blank\" rel=\"noreferrer noopener\">Botones presionables<\/a>.<br>Ejercicio 6: <a href=\"http:\/\/riesgoclimatico.inia.cl\/cristobal.campos\/2022\/07\/07\/fotorresistencia\/\" target=\"_blank\" rel=\"noreferrer noopener\">Fotorresistencia<\/a>.<br>Ejercicio 7: <a href=\"http:\/\/riesgoclimatico.inia.cl\/cristobal.campos\/2022\/07\/07\/sensor-de-temperatura\/\" target=\"_blank\" rel=\"noreferrer noopener\">Sensor de temperatura<\/a>.<\/p>\n\n\n\n<p id=\"block-6131f7fa-5ba0-460f-8f00-d28fd96c8f4c\">Se debe descargar la versi\u00f3n 3.3 de los c\u00f3digos que se encuentran en <a href=\"https:\/\/www.sparkfun.com\/sikcode\">https:\/\/www.sparkfun.com\/sikcode<\/a>.<\/p>\n\n\n\n<h2>Clase 3<\/h2>\n\n\n\n<p>Realizar los ejemplos 1 al 7 de la gu\u00eda SIK v. 3.0 en espa\u00f1ol utilizando <a href=\"https:\/\/www.tinkercad.com\/users\/fjD4r0ymQti-cristobal-campos\" target=\"_blank\" rel=\"noreferrer noopener\">Tinkercad<\/a>.<\/p>\n\n\n\n<p>Generar una idea de proyecto para la pr\u00f3xima clase.<\/p>\n\n\n\n<h2>Clase 4<\/h2>\n\n\n\n<p>Generar una idea de proyecto. La idea sobre la que se trabaj\u00f3 utilizando los sensores con los que se contaba fue un<a href=\"http:\/\/riesgoclimatico.inia.cl\/cristobal.campos\/2022\/07\/12\/tecnologia-de-invernaderos\/\" target=\"_blank\" rel=\"noreferrer noopener\"> sistema de alerta para invernaderos<\/a>.<\/p>\n","protected":false},"excerpt":{"rendered":"<p>Clase 1 Instalar el software de desarrollo y cargar los ejemplos Blink y Fade. Clase 2 Se pide descargar la gu\u00eda SIK v. 3.0 en espa\u00f1ol y realizar los ejercicios: Ejercicio 1: LED parpadeante.Ejercicio 4: LEDs m\u00faltiples.Ejercicio 5: Botones presionables.Ejercicio 6: Fotorresistencia.Ejercicio 7: Sensor de temperatura. Se debe descargar la versi\u00f3n 3.3 de los c\u00f3digos&hellip; <a class=\"more-link\" href=\"http:\/\/riesgoclimatico.inia.cl\/cristobal.campos\/enunciados\/\">Continue reading <span class=\"screen-reader-text\">Enunciados<\/span><\/a><\/p>\n","protected":false},"author":1,"featured_media":0,"parent":0,"menu_order":0,"comment_status":"closed","ping_status":"closed","template":"","meta":[],"yoast_head":"<!-- This site is optimized with the Yoast SEO plugin v19.2 - https:\/\/yoast.com\/wordpress\/plugins\/seo\/ -->\n<title>Enunciados - Bit\u00e1cora<\/title>\n<meta name=\"robots\" content=\"index, follow, max-snippet:-1, max-image-preview:large, max-video-preview:-1\" \/>\n<link rel=\"canonical\" href=\"http:\/\/riesgoclimatico.inia.cl\/cristobal.campos\/enunciados\/\" \/>\n<meta property=\"og:locale\" content=\"en_US\" \/>\n<meta property=\"og:type\" content=\"article\" \/>\n<meta property=\"og:title\" content=\"Enunciados - Bit\u00e1cora\" \/>\n<meta property=\"og:description\" content=\"Clase 1 Instalar el software de desarrollo y cargar los ejemplos Blink y Fade. Clase 2 Se pide descargar la gu\u00eda SIK v. 3.0 en espa\u00f1ol y realizar los ejercicios: Ejercicio 1: LED parpadeante.Ejercicio 4: LEDs m\u00faltiples.Ejercicio 5: Botones presionables.Ejercicio 6: Fotorresistencia.Ejercicio 7: Sensor de temperatura. Se debe descargar la versi\u00f3n 3.3 de los c\u00f3digos&hellip; Continue reading Enunciados\" \/>\n<meta property=\"og:url\" content=\"http:\/\/riesgoclimatico.inia.cl\/cristobal.campos\/enunciados\/\" \/>\n<meta property=\"og:site_name\" content=\"Bit\u00e1cora\" \/>\n<meta property=\"article:modified_time\" content=\"2022-07-12T21:54:38+00:00\" \/>\n<meta name=\"author\" content=\"cristobal.campos\" \/>\n<meta name=\"twitter:card\" content=\"summary_large_image\" \/>\n<meta name=\"twitter:label1\" content=\"Est. reading time\" \/>\n\t<meta name=\"twitter:data1\" content=\"1 minuto\" \/>\n<script type=\"application\/ld+json\" class=\"yoast-schema-graph\">{\"@context\":\"https:\/\/schema.org\",\"@graph\":[{\"@type\":\"WebSite\",\"@id\":\"http:\/\/riesgoclimatico.inia.cl\/cristobal.campos\/#website\",\"url\":\"http:\/\/riesgoclimatico.inia.cl\/cristobal.campos\/\",\"name\":\"Bit\u00e1cora\",\"description\":\"Clases de Arduino UAI\",\"potentialAction\":[{\"@type\":\"SearchAction\",\"target\":{\"@type\":\"EntryPoint\",\"urlTemplate\":\"http:\/\/riesgoclimatico.inia.cl\/cristobal.campos\/?s={search_term_string}\"},\"query-input\":\"required name=search_term_string\"}],\"inLanguage\":\"wp-dev-es-mx\"},{\"@type\":\"WebPage\",\"@id\":\"http:\/\/riesgoclimatico.inia.cl\/cristobal.campos\/enunciados\/#webpage\",\"url\":\"http:\/\/riesgoclimatico.inia.cl\/cristobal.campos\/enunciados\/\",\"name\":\"Enunciados - Bit\u00e1cora\",\"isPartOf\":{\"@id\":\"http:\/\/riesgoclimatico.inia.cl\/cristobal.campos\/#website\"},\"datePublished\":\"2022-07-07T15:22:57+00:00\",\"dateModified\":\"2022-07-12T21:54:38+00:00\",\"breadcrumb\":{\"@id\":\"http:\/\/riesgoclimatico.inia.cl\/cristobal.campos\/enunciados\/#breadcrumb\"},\"inLanguage\":\"wp-dev-es-mx\",\"potentialAction\":[{\"@type\":\"ReadAction\",\"target\":[\"http:\/\/riesgoclimatico.inia.cl\/cristobal.campos\/enunciados\/\"]}]},{\"@type\":\"BreadcrumbList\",\"@id\":\"http:\/\/riesgoclimatico.inia.cl\/cristobal.campos\/enunciados\/#breadcrumb\",\"itemListElement\":[{\"@type\":\"ListItem\",\"position\":1,\"name\":\"Inicio\",\"item\":\"http:\/\/riesgoclimatico.inia.cl\/cristobal.campos\/\"},{\"@type\":\"ListItem\",\"position\":2,\"name\":\"Enunciados\"}]}]}<\/script>\n<!-- \/ Yoast SEO plugin. -->","yoast_head_json":{"title":"Enunciados - Bit\u00e1cora","robots":{"index":"index","follow":"follow","max-snippet":"max-snippet:-1","max-image-preview":"max-image-preview:large","max-video-preview":"max-video-preview:-1"},"canonical":"http:\/\/riesgoclimatico.inia.cl\/cristobal.campos\/enunciados\/","og_locale":"en_US","og_type":"article","og_title":"Enunciados - Bit\u00e1cora","og_description":"Clase 1 Instalar el software de desarrollo y cargar los ejemplos Blink y Fade. Clase 2 Se pide descargar la gu\u00eda SIK v. 3.0 en espa\u00f1ol y realizar los ejercicios: Ejercicio 1: LED parpadeante.Ejercicio 4: LEDs m\u00faltiples.Ejercicio 5: Botones presionables.Ejercicio 6: Fotorresistencia.Ejercicio 7: Sensor de temperatura. Se debe descargar la versi\u00f3n 3.3 de los c\u00f3digos&hellip; Continue reading Enunciados","og_url":"http:\/\/riesgoclimatico.inia.cl\/cristobal.campos\/enunciados\/","og_site_name":"Bit\u00e1cora","article_modified_time":"2022-07-12T21:54:38+00:00","author":"cristobal.campos","twitter_card":"summary_large_image","twitter_misc":{"Est. reading time":"1 minuto"},"schema":{"@context":"https:\/\/schema.org","@graph":[{"@type":"WebSite","@id":"http:\/\/riesgoclimatico.inia.cl\/cristobal.campos\/#website","url":"http:\/\/riesgoclimatico.inia.cl\/cristobal.campos\/","name":"Bit\u00e1cora","description":"Clases de Arduino UAI","potentialAction":[{"@type":"SearchAction","target":{"@type":"EntryPoint","urlTemplate":"http:\/\/riesgoclimatico.inia.cl\/cristobal.campos\/?s={search_term_string}"},"query-input":"required name=search_term_string"}],"inLanguage":"wp-dev-es-mx"},{"@type":"WebPage","@id":"http:\/\/riesgoclimatico.inia.cl\/cristobal.campos\/enunciados\/#webpage","url":"http:\/\/riesgoclimatico.inia.cl\/cristobal.campos\/enunciados\/","name":"Enunciados - Bit\u00e1cora","isPartOf":{"@id":"http:\/\/riesgoclimatico.inia.cl\/cristobal.campos\/#website"},"datePublished":"2022-07-07T15:22:57+00:00","dateModified":"2022-07-12T21:54:38+00:00","breadcrumb":{"@id":"http:\/\/riesgoclimatico.inia.cl\/cristobal.campos\/enunciados\/#breadcrumb"},"inLanguage":"wp-dev-es-mx","potentialAction":[{"@type":"ReadAction","target":["http:\/\/riesgoclimatico.inia.cl\/cristobal.campos\/enunciados\/"]}]},{"@type":"BreadcrumbList","@id":"http:\/\/riesgoclimatico.inia.cl\/cristobal.campos\/enunciados\/#breadcrumb","itemListElement":[{"@type":"ListItem","position":1,"name":"Inicio","item":"http:\/\/riesgoclimatico.inia.cl\/cristobal.campos\/"},{"@type":"ListItem","position":2,"name":"Enunciados"}]}]}},"_links":{"self":[{"href":"http:\/\/riesgoclimatico.inia.cl\/cristobal.campos\/wp-json\/wp\/v2\/pages\/108"}],"collection":[{"href":"http:\/\/riesgoclimatico.inia.cl\/cristobal.campos\/wp-json\/wp\/v2\/pages"}],"about":[{"href":"http:\/\/riesgoclimatico.inia.cl\/cristobal.campos\/wp-json\/wp\/v2\/types\/page"}],"author":[{"embeddable":true,"href":"http:\/\/riesgoclimatico.inia.cl\/cristobal.campos\/wp-json\/wp\/v2\/users\/1"}],"replies":[{"embeddable":true,"href":"http:\/\/riesgoclimatico.inia.cl\/cristobal.campos\/wp-json\/wp\/v2\/comments?post=108"}],"version-history":[{"count":10,"href":"http:\/\/riesgoclimatico.inia.cl\/cristobal.campos\/wp-json\/wp\/v2\/pages\/108\/revisions"}],"predecessor-version":[{"id":223,"href":"http:\/\/riesgoclimatico.inia.cl\/cristobal.campos\/wp-json\/wp\/v2\/pages\/108\/revisions\/223"}],"wp:attachment":[{"href":"http:\/\/riesgoclimatico.inia.cl\/cristobal.campos\/wp-json\/wp\/v2\/media?parent=108"}],"curies":[{"name":"wp","href":"https:\/\/api.w.org\/{rel}","templated":true}]}}