{"id":105,"date":"2022-07-05T19:17:37","date_gmt":"2022-07-05T23:17:37","guid":{"rendered":"http:\/\/riesgoclimatico.inia.cl\/cristobal.campos\/?page_id=105"},"modified":"2022-07-12T11:01:02","modified_gmt":"2022-07-12T15:01:02","slug":"blogs-de-colegas","status":"publish","type":"page","link":"http:\/\/riesgoclimatico.inia.cl\/cristobal.campos\/blogs-de-colegas\/","title":{"rendered":"Blogs de colegas"},"content":{"rendered":"\n<p>Como tarea del curso de Electr\u00f3nica Creativa de la profesora <a href=\"https:\/\/designlab.uai.cl\/profesor\/carolina-pino\/\" target=\"_blank\" rel=\"noreferrer noopener\">Carolina Pino<\/a> de la <a href=\"https:\/\/www.uai.cl\/\" target=\"_blank\" rel=\"noreferrer noopener\">Universidad Adolfo Ib\u00e1\u00f1ez<\/a> se ha pedido crear un blog que sirva como bit\u00e1cora del curso. Estos son los blogs de los colegas:<\/p>\n\n\n\n<ul><li>Carlos Z\u00fa\u00f1iga <a href=\"https:\/\/fundacioncarloszuniga.wordpress.com\/\" target=\"_blank\" rel=\"noreferrer noopener\">https:\/\/fundacioncarloszuniga.wordpress.com\/<\/a><\/li><li>Rub\u00e9n Ruiz <a href=\"http:\/\/curso-agricultura-digital.net\/\" target=\"_blank\" rel=\"noreferrer noopener\">http:\/\/curso-agricultura-digital.net\/<\/a><\/li><li>Crist\u00f3bal Campos <a href=\"http:\/\/riesgoclimatico.inia.cl\/cristobal.campos\/\">http:\/\/riesgoclimatico.inia.cl\/cristobal.campos\/<\/a><\/li><li>Jorge Luis Gatica <a href=\"http:\/\/jorgeluisgatica.blogspot.com\/search\/label\/Electro%CC%81nica%20Creativa\" target=\"_blank\" rel=\"noreferrer noopener\">http:\/\/jorgeluisgatica.blogspot.com\/search\/label\/Electr\u00f3nica Creativa<\/a><\/li><li>Javier Chilian <a href=\"https:\/\/elarduinodejavito.wordpress.com\" target=\"_blank\" rel=\"noreferrer noopener\">https:\/\/elarduinodejavito.wordpress.com<\/a><\/li><li>Pamela D\u00edaz <a href=\"https:\/\/upselacruz.wordpress.com\/\" target=\"_blank\" rel=\"noreferrer noopener\">https:\/\/upselacruz.wordpress.com\/<\/a><\/li><li>M\u00f3nica Madariaga <a href=\"https:\/\/editor.wix.com\/html\/editor\/web\/renderer\/edit\/516a6f81-130f-41ba-b39b-11bb1aa5940e?metaSiteId=d1995801-f7a5-4601-8cb4-3ffdef2b262e\" target=\"_blank\" rel=\"noreferrer noopener\">https:\/\/editor.wix.com\/html\/editor\/web\/renderer\/edit\/516a6f81-130f-41ba-b39b-11bb1aa5940e?metaSiteId=d1995801-f7a5-4601-8cb4-3ffdef2b262e<\/a><\/li><li>Isabel Ram\u00edrez <a href=\"https:\/\/isavirusbel.wordpress.com\/\" target=\"_blank\" rel=\"noreferrer noopener\">https:\/\/isavirusbel.wordpress.com\/<\/a><\/li><li>Constanza Jana <a href=\"https:\/\/protocj.wordpress.com\/\" target=\"_blank\" rel=\"noreferrer noopener\">https:\/\/protocj.wordpress.com\/<\/a><\/li><li>Andrea Santana <a href=\"https:\/\/santanandrea.wordpress.com\/\" target=\"_blank\" rel=\"noreferrer noopener\">https:\/\/santanandrea.wordpress.com\/<\/a><\/li><li>Fabiola Altamira <a href=\"https:\/\/fabialtimirapassalacqua.wordpress.com\/\">https:\/\/fabialtimirapassalacqua.wordpress.com\/<\/a><\/li><li>Antonieta Santander <a href=\"https:\/\/maribsan.wixsite.com\/pincipiantedearduino\" target=\"_blank\" rel=\"noreferrer noopener\">https:\/\/maribsan.wixsite.com\/pincipiantedearduino<\/a><\/li><li>Andrea Garc\u00e9s <a href=\"https:\/\/foodsustainability132320796.wordpress.com\/\" target=\"_blank\" rel=\"noreferrer noopener\">https:\/\/foodsustainability132320796.wordpress.com\/<\/a><\/li><li>Gabriel Pe\u00f1a <a href=\"https:\/\/ecofacil.online\/\" target=\"_blank\" rel=\"noreferrer noopener\">https:\/\/ecofacil.online\/<\/a><\/li><li>Giovanni Lobos <a href=\"https:\/\/giovannilobosarduino.wordpress.com\/\" target=\"_blank\" rel=\"noreferrer noopener\">https:\/\/giovannilobosarduino.wordpress.com\/<\/a><\/li><li>Nataly Vargas <a href=\"https:\/\/bitacoracursoinia.blogspot.com\/\" target=\"_blank\" rel=\"noreferrer noopener\">https:\/\/bitacoracursoinia.blogspot.com\/<\/a><\/li><li>Rodrigo Candia <a href=\"https:\/\/prototipo124445822.wordpress.com\/\" target=\"_blank\" rel=\"noreferrer noopener\">https:\/\/prototipo124445822.wordpress.com\/<\/a>  <\/li><li>Constanza Zunino <a href=\"https:\/\/constanzazunino.wordpress.com\/\" target=\"_blank\" rel=\"noreferrer noopener\">https:\/\/constanzazunino.wordpress.com\/<\/a><\/li><li>Olga Flores <a href=\"https:\/\/mariaolgafloresa.wixsite.com\/mar-a-olga\" target=\"_blank\" rel=\"noreferrer noopener\">https:\/\/mariaolgafloresa.wixsite.com\/mar-a-olga<\/a><\/li><li>Alejandra Godoy <a href=\"https:\/\/tey226653772.wordpress.com\/\" target=\"_blank\" rel=\"noreferrer noopener\">https:\/\/tey226653772.wordpress.com\/<\/a><\/li><li>Homero Barr\u00eda <a href=\"https:\/\/homerobarria.wixsite.com\/curso\" target=\"_blank\" rel=\"noreferrer noopener\">https:\/\/homerobarria.wixsite.com\/curso<\/a><\/li><li>Cristian Balbont\u00edn <a href=\"https:\/\/arduinotintintin.blogspot.com\" target=\"_blank\" rel=\"noreferrer noopener\">https:\/\/arduinotintintin.blogspot.com<\/a><\/li><li>Paulo Godoy <a href=\"https:\/\/arduino2022.business.blog\/\" target=\"_blank\" rel=\"noreferrer noopener\">https:\/\/arduino2022.business.blog\/<\/a><\/li><\/ul>\n","protected":false},"excerpt":{"rendered":"<p>Como tarea del curso de Electr\u00f3nica Creativa de la profesora Carolina Pino de la Universidad Adolfo Ib\u00e1\u00f1ez se ha pedido crear un blog que sirva como bit\u00e1cora del curso. Estos son los blogs de los colegas: Carlos Z\u00fa\u00f1iga https:\/\/fundacioncarloszuniga.wordpress.com\/ Rub\u00e9n Ruiz http:\/\/curso-agricultura-digital.net\/ Crist\u00f3bal Campos http:\/\/riesgoclimatico.inia.cl\/cristobal.campos\/ Jorge Luis Gatica http:\/\/jorgeluisgatica.blogspot.com\/search\/label\/Electr\u00f3nica Creativa Javier Chilian https:\/\/elarduinodejavito.wordpress.com Pamela D\u00edaz&hellip; <a class=\"more-link\" href=\"http:\/\/riesgoclimatico.inia.cl\/cristobal.campos\/blogs-de-colegas\/\">Continue reading <span class=\"screen-reader-text\">Blogs de colegas<\/span><\/a><\/p>\n","protected":false},"author":1,"featured_media":0,"parent":0,"menu_order":0,"comment_status":"closed","ping_status":"closed","template":"","meta":[],"yoast_head":"<!-- This site is optimized with the Yoast SEO plugin v19.2 - https:\/\/yoast.com\/wordpress\/plugins\/seo\/ -->\n<title>Blogs de colegas - Bit\u00e1cora<\/title>\n<meta name=\"description\" content=\"Enlaces a los blogs de los colegas que toman el curso de Electr\u00f3nica Creativa de la Universidad Adolfo Ib\u00e1\u00f1ez\" \/>\n<meta name=\"robots\" content=\"index, follow, max-snippet:-1, max-image-preview:large, max-video-preview:-1\" \/>\n<link rel=\"canonical\" href=\"http:\/\/riesgoclimatico.inia.cl\/cristobal.campos\/blogs-de-colegas\/\" \/>\n<meta property=\"og:locale\" content=\"en_US\" \/>\n<meta property=\"og:type\" content=\"article\" \/>\n<meta property=\"og:title\" content=\"Blogs de colegas - Bit\u00e1cora\" \/>\n<meta property=\"og:description\" content=\"Enlaces a los blogs de los colegas que toman el curso de Electr\u00f3nica Creativa de la Universidad Adolfo Ib\u00e1\u00f1ez\" \/>\n<meta property=\"og:url\" content=\"http:\/\/riesgoclimatico.inia.cl\/cristobal.campos\/blogs-de-colegas\/\" \/>\n<meta property=\"og:site_name\" content=\"Bit\u00e1cora\" \/>\n<meta property=\"article:modified_time\" content=\"2022-07-12T15:01:02+00:00\" \/>\n<meta name=\"author\" content=\"cristobal.campos\" \/>\n<meta name=\"twitter:card\" content=\"summary_large_image\" \/>\n<meta name=\"twitter:label1\" content=\"Est. reading time\" \/>\n\t<meta name=\"twitter:data1\" content=\"1 minuto\" \/>\n<script type=\"application\/ld+json\" class=\"yoast-schema-graph\">{\"@context\":\"https:\/\/schema.org\",\"@graph\":[{\"@type\":\"WebSite\",\"@id\":\"http:\/\/riesgoclimatico.inia.cl\/cristobal.campos\/#website\",\"url\":\"http:\/\/riesgoclimatico.inia.cl\/cristobal.campos\/\",\"name\":\"Bit\u00e1cora\",\"description\":\"Clases de Arduino UAI\",\"potentialAction\":[{\"@type\":\"SearchAction\",\"target\":{\"@type\":\"EntryPoint\",\"urlTemplate\":\"http:\/\/riesgoclimatico.inia.cl\/cristobal.campos\/?s={search_term_string}\"},\"query-input\":\"required name=search_term_string\"}],\"inLanguage\":\"wp-dev-es-mx\"},{\"@type\":\"WebPage\",\"@id\":\"http:\/\/riesgoclimatico.inia.cl\/cristobal.campos\/blogs-de-colegas\/#webpage\",\"url\":\"http:\/\/riesgoclimatico.inia.cl\/cristobal.campos\/blogs-de-colegas\/\",\"name\":\"Blogs de colegas - Bit\u00e1cora\",\"isPartOf\":{\"@id\":\"http:\/\/riesgoclimatico.inia.cl\/cristobal.campos\/#website\"},\"datePublished\":\"2022-07-05T23:17:37+00:00\",\"dateModified\":\"2022-07-12T15:01:02+00:00\",\"description\":\"Enlaces a los blogs de los colegas que toman el curso de Electr\u00f3nica Creativa de la Universidad Adolfo Ib\u00e1\u00f1ez\",\"breadcrumb\":{\"@id\":\"http:\/\/riesgoclimatico.inia.cl\/cristobal.campos\/blogs-de-colegas\/#breadcrumb\"},\"inLanguage\":\"wp-dev-es-mx\",\"potentialAction\":[{\"@type\":\"ReadAction\",\"target\":[\"http:\/\/riesgoclimatico.inia.cl\/cristobal.campos\/blogs-de-colegas\/\"]}]},{\"@type\":\"BreadcrumbList\",\"@id\":\"http:\/\/riesgoclimatico.inia.cl\/cristobal.campos\/blogs-de-colegas\/#breadcrumb\",\"itemListElement\":[{\"@type\":\"ListItem\",\"position\":1,\"name\":\"Inicio\",\"item\":\"http:\/\/riesgoclimatico.inia.cl\/cristobal.campos\/\"},{\"@type\":\"ListItem\",\"position\":2,\"name\":\"Blogs de colegas\"}]}]}<\/script>\n<!-- \/ Yoast SEO plugin. -->","yoast_head_json":{"title":"Blogs de colegas - Bit\u00e1cora","description":"Enlaces a los blogs de los colegas que toman el curso de Electr\u00f3nica Creativa de la Universidad Adolfo Ib\u00e1\u00f1ez","robots":{"index":"index","follow":"follow","max-snippet":"max-snippet:-1","max-image-preview":"max-image-preview:large","max-video-preview":"max-video-preview:-1"},"canonical":"http:\/\/riesgoclimatico.inia.cl\/cristobal.campos\/blogs-de-colegas\/","og_locale":"en_US","og_type":"article","og_title":"Blogs de colegas - Bit\u00e1cora","og_description":"Enlaces a los blogs de los colegas que toman el curso de Electr\u00f3nica Creativa de la Universidad Adolfo Ib\u00e1\u00f1ez","og_url":"http:\/\/riesgoclimatico.inia.cl\/cristobal.campos\/blogs-de-colegas\/","og_site_name":"Bit\u00e1cora","article_modified_time":"2022-07-12T15:01:02+00:00","author":"cristobal.campos","twitter_card":"summary_large_image","twitter_misc":{"Est. reading time":"1 minuto"},"schema":{"@context":"https:\/\/schema.org","@graph":[{"@type":"WebSite","@id":"http:\/\/riesgoclimatico.inia.cl\/cristobal.campos\/#website","url":"http:\/\/riesgoclimatico.inia.cl\/cristobal.campos\/","name":"Bit\u00e1cora","description":"Clases de Arduino UAI","potentialAction":[{"@type":"SearchAction","target":{"@type":"EntryPoint","urlTemplate":"http:\/\/riesgoclimatico.inia.cl\/cristobal.campos\/?s={search_term_string}"},"query-input":"required name=search_term_string"}],"inLanguage":"wp-dev-es-mx"},{"@type":"WebPage","@id":"http:\/\/riesgoclimatico.inia.cl\/cristobal.campos\/blogs-de-colegas\/#webpage","url":"http:\/\/riesgoclimatico.inia.cl\/cristobal.campos\/blogs-de-colegas\/","name":"Blogs de colegas - Bit\u00e1cora","isPartOf":{"@id":"http:\/\/riesgoclimatico.inia.cl\/cristobal.campos\/#website"},"datePublished":"2022-07-05T23:17:37+00:00","dateModified":"2022-07-12T15:01:02+00:00","description":"Enlaces a los blogs de los colegas que toman el curso de Electr\u00f3nica Creativa de la Universidad Adolfo Ib\u00e1\u00f1ez","breadcrumb":{"@id":"http:\/\/riesgoclimatico.inia.cl\/cristobal.campos\/blogs-de-colegas\/#breadcrumb"},"inLanguage":"wp-dev-es-mx","potentialAction":[{"@type":"ReadAction","target":["http:\/\/riesgoclimatico.inia.cl\/cristobal.campos\/blogs-de-colegas\/"]}]},{"@type":"BreadcrumbList","@id":"http:\/\/riesgoclimatico.inia.cl\/cristobal.campos\/blogs-de-colegas\/#breadcrumb","itemListElement":[{"@type":"ListItem","position":1,"name":"Inicio","item":"http:\/\/riesgoclimatico.inia.cl\/cristobal.campos\/"},{"@type":"ListItem","position":2,"name":"Blogs de colegas"}]}]}},"_links":{"self":[{"href":"http:\/\/riesgoclimatico.inia.cl\/cristobal.campos\/wp-json\/wp\/v2\/pages\/105"}],"collection":[{"href":"http:\/\/riesgoclimatico.inia.cl\/cristobal.campos\/wp-json\/wp\/v2\/pages"}],"about":[{"href":"http:\/\/riesgoclimatico.inia.cl\/cristobal.campos\/wp-json\/wp\/v2\/types\/page"}],"author":[{"embeddable":true,"href":"http:\/\/riesgoclimatico.inia.cl\/cristobal.campos\/wp-json\/wp\/v2\/users\/1"}],"replies":[{"embeddable":true,"href":"http:\/\/riesgoclimatico.inia.cl\/cristobal.campos\/wp-json\/wp\/v2\/comments?post=105"}],"version-history":[{"count":8,"href":"http:\/\/riesgoclimatico.inia.cl\/cristobal.campos\/wp-json\/wp\/v2\/pages\/105\/revisions"}],"predecessor-version":[{"id":213,"href":"http:\/\/riesgoclimatico.inia.cl\/cristobal.campos\/wp-json\/wp\/v2\/pages\/105\/revisions\/213"}],"wp:attachment":[{"href":"http:\/\/riesgoclimatico.inia.cl\/cristobal.campos\/wp-json\/wp\/v2\/media?parent=105"}],"curies":[{"name":"wp","href":"https:\/\/api.w.org\/{rel}","templated":true}]}}